{"id":3018,"date":"2021-08-03T10:56:26","date_gmt":"2021-08-03T10:56:26","guid":{"rendered":"https:\/\/www.fragrance-oils.com\/so-do-trang\/"},"modified":"2021-08-11T19:07:50","modified_gmt":"2021-08-11T19:07:50","slug":"so-do-trang","status":"publish","type":"page","link":"https:\/\/www.fragrance-oils.com\/vi\/so-do-trang\/","title":{"rendered":"S\u01a1 \u0111\u1ed3 trang"},"content":{"rendered":"<section class=\"rich-text rich-text--accent-red\">\n  <div class=\"container\">\n    <div class=\"row\">\n      <div class=\"col-12\">\n        <ul>\n<li><a href=\"https:\/\/www.fragrance-oils.com\/vi\/\">Trang Ch\u1ee7<\/a><\/li>\n<li><a href=\"https:\/\/www.fragrance-oils.com\/vi\/gioi-thieu-cong-ty\/\">V\u1ec1 ch\u00fang t\u00f4i<\/a>\n<ul>\n<li><a href=\"https:\/\/www.fragrance-oils.com\/vi\/gioi-thieu-cong-ty\/gia-nhap-doi-ngu\/\">Gia nh\u1eadp \u0111\u1ed9i ng\u0169<\/a><\/li>\n<li><a href=\"https:\/\/www.fragrance-oils.com\/vi\/gioi-thieu-cong-ty\/gioi-thieu-doi-ngu\/\">Gi\u1edbi thi\u1ec7u \u0111\u1ed9i ng\u0169<\/a><\/li>\n<li><a href=\"https:\/\/www.fragrance-oils.com\/who-we-are\/case-studies\/\">Nghi\u00ean c\u1ee9u \u0111i\u1ec3n h\u00ecnh<\/a><\/li>\n<li><a href=\"https:\/\/www.fragrance-oils.com\/who-we-are\/corporate-policies\/\">Ch\u00ednh s\u00e1ch c\u00f4ng ty<\/a><\/li>\n<\/ul>\n<\/li>\n<\/ul>\n<ul>\n<li><a href=\"https:\/\/www.fragrance-oils.com\/vi\/linh-vuc-chuyen-mon\/\">L\u0129nh v\u1ef1c chuy\u00ean m\u00f4n<\/a>\n<ul>\n<li><a href=\"https:\/\/www.fragrance-oils.com\/vi\/linh-vuc-chuyen-mon\/cham-soc-vai\/\">Ch\u0103m s\u00f3c v\u1ea3i<\/a><\/li>\n<li><a href=\"https:\/\/www.fragrance-oils.com\/vi\/linh-vuc-chuyen-mon\/nuoc-hoa-cao-cap\/\">N\u01b0\u1edbc hoa cao c\u1ea5p<\/a><\/li>\n<li><a href=\"https:\/\/www.fragrance-oils.com\/vi\/linh-vuc-chuyen-mon\/chiet-xuat-tu-nhien\/\">Chi\u1ebft xu\u1ea5t t\u1ef1 nhi\u00ean<\/a><\/li>\n<li><a href=\"https:\/\/www.fragrance-oils.com\/vi\/linh-vuc-chuyen-mon\/san-pham-thom-phong\/\">S\u1ea3n ph\u1ea9m th\u01a1m ph\u00f2ng<\/a><\/li>\n<li><a href=\"https:\/\/www.fragrance-oils.com\/vi\/linh-vuc-chuyen-mon\/san-pham-gia-dung\/\">S\u1ea3n ph\u1ea9m gia d\u1ee5ng<\/a><\/li>\n<li><a href=\"https:\/\/www.fragrance-oils.com\/vi\/linh-vuc-chuyen-mon\/cham-soc-ca-nhan\/\">Ch\u0103m s\u00f3c c\u00e1 nh\u00e2n<\/a><\/li>\n<\/ul>\n<\/li>\n<\/ul>\n<ul>\n<li><a href=\"https:\/\/www.fragrance-oils.com\/vi\/cach-thuc-hoat-dong\/\">C\u00e1ch th\u1ee9c ho\u1ea1t \u0111\u1ed9ng<\/a>\n<ul>\n<li><a href=\"https:\/\/www.fragrance-oils.com\/vi\/cach-thuc-hoat-dong\/sang-tao\/\">S\u00e1ng t\u1ea1o<\/a><\/li>\n<li><a href=\"https:\/\/www.fragrance-oils.com\/vi\/cach-thuc-hoat-dong\/san-xuat\/\">S\u1ea3n xu\u1ea5t<\/a><\/li>\n<li><a href=\"https:\/\/www.fragrance-oils.com\/vi\/cach-thuc-hoat-dong\/quy-che\/\">Quy ch\u1ebf<\/a><\/li>\n<li><a href=\"https:\/\/www.fragrance-oils.com\/vi\/cach-thuc-hoat-dong\/ky-thuat\/\">K\u1ef9 thu\u1eadt<\/a><\/li>\n<\/ul>\n<\/li>\n<\/ul>\n<ul>\n<li><a href=\"https:\/\/www.fragrance-oils.com\/blog\/\">Blog<\/a><\/li>\n<li><a href=\"https:\/\/www.fragrance-oils.com\/vi\/lien-he\/\">Li\u00ean h\u1ec7<\/a><\/li>\n<\/ul>\n\n      <\/div>\n    <\/div>\n  <\/div>\n<\/section>\n\n<div class=\"pt-40px pt-md-60px\"><\/div>\n","protected":false},"excerpt":{"rendered":"","protected":false},"author":1,"featured_media":0,"parent":0,"menu_order":0,"comment_status":"closed","ping_status":"closed","template":"","meta":{"_acf_changed":false,"footnotes":""},"acf":[],"yoast_head":"<!-- This site is optimized with the Yoast SEO plugin v23.5 - https:\/\/yoast.com\/wordpress\/plugins\/seo\/ -->\n<title>S\u01a1 \u0111\u1ed3 trang - Fragrance Oils | Fragrance Manufacturer &amp; Supplier<\/title>\n<meta name=\"robots\" content=\"index, follow, max-snippet:-1, max-image-preview:large, max-video-preview:-1\" \/>\n<link rel=\"canonical\" href=\"https:\/\/www.fragrance-oils.com\/vi\/so-do-trang\/\" \/>\n<meta property=\"og:locale\" content=\"vi_VN\" \/>\n<meta property=\"og:type\" content=\"article\" \/>\n<meta property=\"og:title\" content=\"S\u01a1 \u0111\u1ed3 trang - Fragrance Oils | Fragrance Manufacturer &amp; Supplier\" \/>\n<meta property=\"og:url\" content=\"https:\/\/www.fragrance-oils.com\/vi\/so-do-trang\/\" \/>\n<meta property=\"og:site_name\" content=\"fragrance-oils.com\" \/>\n<meta property=\"article:modified_time\" content=\"2021-08-11T19:07:50+00:00\" \/>\n<meta name=\"twitter:card\" content=\"summary_large_image\" \/>\n<script type=\"application\/ld+json\" class=\"yoast-schema-graph\">{\"@context\":\"https:\/\/schema.org\",\"@graph\":[{\"@type\":\"WebPage\",\"@id\":\"https:\/\/www.fragrance-oils.com\/vi\/so-do-trang\/\",\"url\":\"https:\/\/www.fragrance-oils.com\/vi\/so-do-trang\/\",\"name\":\"S\u01a1 \u0111\u1ed3 trang - Fragrance Oils | Fragrance Manufacturer & Supplier\",\"isPartOf\":{\"@id\":\"https:\/\/www.fragrance-oils.com\/#website\"},\"datePublished\":\"2021-08-03T10:56:26+00:00\",\"dateModified\":\"2021-08-11T19:07:50+00:00\",\"breadcrumb\":{\"@id\":\"https:\/\/www.fragrance-oils.com\/vi\/so-do-trang\/#breadcrumb\"},\"inLanguage\":\"vi-VN\",\"potentialAction\":[{\"@type\":\"ReadAction\",\"target\":[\"https:\/\/www.fragrance-oils.com\/vi\/so-do-trang\/\"]}]},{\"@type\":\"BreadcrumbList\",\"@id\":\"https:\/\/www.fragrance-oils.com\/vi\/so-do-trang\/#breadcrumb\",\"itemListElement\":[{\"@type\":\"ListItem\",\"position\":1,\"name\":\"Home\",\"item\":\"https:\/\/www.fragrance-oils.com\/vi\/\"},{\"@type\":\"ListItem\",\"position\":2,\"name\":\"S\u01a1 \u0111\u1ed3 trang\"}]},{\"@type\":\"WebSite\",\"@id\":\"https:\/\/www.fragrance-oils.com\/#website\",\"url\":\"https:\/\/www.fragrance-oils.com\/\",\"name\":\"fragrance-oils.com\",\"description\":\"\",\"potentialAction\":[{\"@type\":\"SearchAction\",\"target\":{\"@type\":\"EntryPoint\",\"urlTemplate\":\"https:\/\/www.fragrance-oils.com\/?s={search_term_string}\"},\"query-input\":{\"@type\":\"PropertyValueSpecification\",\"valueRequired\":true,\"valueName\":\"search_term_string\"}}],\"inLanguage\":\"vi-VN\"}]}<\/script>\n<!-- \/ Yoast SEO plugin. -->","yoast_head_json":{"title":"S\u01a1 \u0111\u1ed3 trang - Fragrance Oils | Fragrance Manufacturer & Supplier","robots":{"index":"index","follow":"follow","max-snippet":"max-snippet:-1","max-image-preview":"max-image-preview:large","max-video-preview":"max-video-preview:-1"},"canonical":"https:\/\/www.fragrance-oils.com\/vi\/so-do-trang\/","og_locale":"vi_VN","og_type":"article","og_title":"S\u01a1 \u0111\u1ed3 trang - Fragrance Oils | Fragrance Manufacturer & Supplier","og_url":"https:\/\/www.fragrance-oils.com\/vi\/so-do-trang\/","og_site_name":"fragrance-oils.com","article_modified_time":"2021-08-11T19:07:50+00:00","twitter_card":"summary_large_image","schema":{"@context":"https:\/\/schema.org","@graph":[{"@type":"WebPage","@id":"https:\/\/www.fragrance-oils.com\/vi\/so-do-trang\/","url":"https:\/\/www.fragrance-oils.com\/vi\/so-do-trang\/","name":"S\u01a1 \u0111\u1ed3 trang - Fragrance Oils | Fragrance Manufacturer & Supplier","isPartOf":{"@id":"https:\/\/www.fragrance-oils.com\/#website"},"datePublished":"2021-08-03T10:56:26+00:00","dateModified":"2021-08-11T19:07:50+00:00","breadcrumb":{"@id":"https:\/\/www.fragrance-oils.com\/vi\/so-do-trang\/#breadcrumb"},"inLanguage":"vi-VN","potentialAction":[{"@type":"ReadAction","target":["https:\/\/www.fragrance-oils.com\/vi\/so-do-trang\/"]}]},{"@type":"BreadcrumbList","@id":"https:\/\/www.fragrance-oils.com\/vi\/so-do-trang\/#breadcrumb","itemListElement":[{"@type":"ListItem","position":1,"name":"Home","item":"https:\/\/www.fragrance-oils.com\/vi\/"},{"@type":"ListItem","position":2,"name":"S\u01a1 \u0111\u1ed3 trang"}]},{"@type":"WebSite","@id":"https:\/\/www.fragrance-oils.com\/#website","url":"https:\/\/www.fragrance-oils.com\/","name":"fragrance-oils.com","description":"","potentialAction":[{"@type":"SearchAction","target":{"@type":"EntryPoint","urlTemplate":"https:\/\/www.fragrance-oils.com\/?s={search_term_string}"},"query-input":{"@type":"PropertyValueSpecification","valueRequired":true,"valueName":"search_term_string"}}],"inLanguage":"vi-VN"}]}},"_links":{"self":[{"href":"https:\/\/www.fragrance-oils.com\/vi\/wp-json\/wp\/v2\/pages\/3018"}],"collection":[{"href":"https:\/\/www.fragrance-oils.com\/vi\/wp-json\/wp\/v2\/pages"}],"about":[{"href":"https:\/\/www.fragrance-oils.com\/vi\/wp-json\/wp\/v2\/types\/page"}],"author":[{"embeddable":true,"href":"https:\/\/www.fragrance-oils.com\/vi\/wp-json\/wp\/v2\/users\/1"}],"replies":[{"embeddable":true,"href":"https:\/\/www.fragrance-oils.com\/vi\/wp-json\/wp\/v2\/comments?post=3018"}],"version-history":[{"count":4,"href":"https:\/\/www.fragrance-oils.com\/vi\/wp-json\/wp\/v2\/pages\/3018\/revisions"}],"predecessor-version":[{"id":6691,"href":"https:\/\/www.fragrance-oils.com\/vi\/wp-json\/wp\/v2\/pages\/3018\/revisions\/6691"}],"wp:attachment":[{"href":"https:\/\/www.fragrance-oils.com\/vi\/wp-json\/wp\/v2\/media?parent=3018"}],"curies":[{"name":"wp","href":"https:\/\/api.w.org\/{rel}","templated":true}]}}